{"id":1625,"date":"2016-06-07T23:55:00","date_gmt":"2016-06-08T02:55:00","guid":{"rendered":"http:\/\/icbneuro.com.br\/?page_id=1625"},"modified":"2016-07-12T16:27:11","modified_gmt":"2016-07-12T19:27:11","slug":"nossa-equipe","status":"publish","type":"page","link":"https:\/\/icbneuro.com.br\/portal\/nossa-equipe\/","title":{"rendered":"Nossa Equipe"},"content":{"rendered":"<p>[vc_row][vc_column width=&#8221;1\/2&#8243;]<header class=\"kwayy-heading-wrapper kwayy-heading-wrapper-align-left\"><div class=\"kwayy-heading-wrapper-inner\"><h2 class=\"kwayy-heading-align-left\"><span>Uma equipe especial cuidando do seu maior bem<\/span><\/h2><\/div><\/header>[vc_column_text]Os profissionais que atuam no ICB t\u00eam forma\u00e7\u00e3o nas melhores escolas m\u00e9dicas e de psicologia do pa\u00eds como a UNICAMP e USP e s\u00e3o fortemente comprometidos com o bin\u00f4mio humanismo e ci\u00eancia.[\/vc_column_text][\/vc_column][vc_column width=&#8221;1\/2&#8243;][vc_single_image image=&#8221;1904&#8243; img_size=&#8221;full&#8221; css_animation=&#8221;right-to-left&#8221;][\/vc_column][\/vc_row][vc_row][vc_column]<header class=\"kwayy-heading-wrapper kwayy-heading-wrapper-align-left\"><div class=\"kwayy-heading-wrapper-inner\"><h2 class=\"kwayy-heading-align-left\"><span>Clique sobre o profissional e confira seu hist\u00f3rico e curr\u00edculo<\/span><\/h2><\/div><\/header>\n\t<div class=\"kwayy-team-wrapper kwayy-effect-default kwayy-items-col-three \" ><div class=\"row multi-columns-row kwayy-items-wrapper \">\n\t<div class=\"kwayy-team-box col-lg-4 col-sm-6 col-md-4 col-xs-12\"><div class=\"kwayy-team-img\"><a class=\"tm-team-imglink\" href=\"https:\/\/icbneuro.com.br\/portal\/doutor\/dr-ricardo-afonso-teixeira\/\"><img width=\"397\" height=\"397\" src=\"https:\/\/icbneuro.com.br\/portal\/wp-content\/uploads\/2016\/06\/RICARDO.jpg\" class=\"attachment-full size-full wp-post-image\" alt=\"\" decoding=\"async\" loading=\"lazy\" srcset=\"https:\/\/icbneuro.com.br\/portal\/wp-content\/uploads\/2016\/06\/RICARDO.jpg 397w, https:\/\/icbneuro.com.br\/portal\/wp-content\/uploads\/2016\/06\/RICARDO-150x150.jpg 150w, https:\/\/icbneuro.com.br\/portal\/wp-content\/uploads\/2016\/06\/RICARDO-300x300.jpg 300w, https:\/\/icbneuro.com.br\/portal\/wp-content\/uploads\/2016\/06\/RICARDO-45x45.jpg 45w\" sizes=\"(max-width: 397px) 100vw, 397px\" \/><\/a><div class=\"overthumb\"><\/div><\/div><!-- .kwayy-team-img --><div class=\"kwayy-team-data\"><h3 class=\"kwayy-team-title\"><a href=\"https:\/\/icbneuro.com.br\/portal\/doutor\/dr-ricardo-afonso-teixeira\/\">Dr. Ricardo Afonso Teixeira<\/a><\/h3><h4 class=\"kwayy-team-position\">Neurologista<\/h4>CRM\/DF 12050<\/div>\n\t<\/div>\n\t<\/div><\/div>[\/vc_column][\/vc_row]<\/p>\n","protected":false},"excerpt":{"rendered":"<p>[vc_row][vc_column width=&#8221;1\/2&#8243;][vc_column_text]Os profissionais que atuam no ICB t\u00eam forma\u00e7\u00e3o nas melhores escolas m\u00e9dicas e de psicologia do pa\u00eds como a UNICAMP e USP e s\u00e3o fortemente comprometidos com o bin\u00f4mio humanismo e ci\u00eancia.[\/vc_column_text][\/vc_column][vc_column width=&#8221;1\/2&#8243;][vc_single_image image=&#8221;1904&#8243; img_size=&#8221;full&#8221; css_animation=&#8221;right-to-left&#8221;][\/vc_column][\/vc_row][vc_row][vc_column][\/vc_column][\/vc_row]<\/p>\n","protected":false},"author":1,"featured_media":4974,"parent":0,"menu_order":0,"comment_status":"closed","ping_status":"closed","template":"","meta":{"_joinchat":[]},"_links":{"self":[{"href":"https:\/\/icbneuro.com.br\/portal\/wp-json\/wp\/v2\/pages\/1625"}],"collection":[{"href":"https:\/\/icbneuro.com.br\/portal\/wp-json\/wp\/v2\/pages"}],"about":[{"href":"https:\/\/icbneuro.com.br\/portal\/wp-json\/wp\/v2\/types\/page"}],"author":[{"embeddable":true,"href":"https:\/\/icbneuro.com.br\/portal\/wp-json\/wp\/v2\/users\/1"}],"replies":[{"embeddable":true,"href":"https:\/\/icbneuro.com.br\/portal\/wp-json\/wp\/v2\/comments?post=1625"}],"version-history":[{"count":0,"href":"https:\/\/icbneuro.com.br\/portal\/wp-json\/wp\/v2\/pages\/1625\/revisions"}],"wp:featuredmedia":[{"embeddable":true,"href":"https:\/\/icbneuro.com.br\/portal\/wp-json\/wp\/v2\/media\/4974"}],"wp:attachment":[{"href":"https:\/\/icbneuro.com.br\/portal\/wp-json\/wp\/v2\/media?parent=1625"}],"curies":[{"name":"wp","href":"https:\/\/api.w.org\/{rel}","templated":true}]}}