{"id":1634,"date":"2016-06-17T18:12:03","date_gmt":"2016-06-17T21:12:03","guid":{"rendered":"http:\/\/icbneuro.com.br\/?page_id=1634"},"modified":"2022-05-10T11:37:43","modified_gmt":"2022-05-10T14:37:43","slug":"quem-somos","status":"publish","type":"page","link":"https:\/\/icbneuro.com.br\/portal\/quem-somos\/","title":{"rendered":"Quem Somos"},"content":{"rendered":"<p>[vc_row][vc_column][vc_column_text]O Instituto do C\u00e9rebro de Bras\u00edlia foi fundado em 2004 com a proposta de oferecer ao paciente um centro de diagn\u00f3stico e tratamento de disfun\u00e7\u00f5es neurol\u00f3gicas com forte \u00eanfase na aplica\u00e7\u00e3o da pr\u00e1tica m\u00e9dica baseada nas mais atualizadas evid\u00eancias cient\u00edficas.<\/p>\n<p>Dr. Ricardo Teixeira, seu fundador e atual diretor clinico, iniciou suas atividades cl\u00ednicas em Bras\u00edlia no ano de 2001 ap\u00f3s dez anos de forma\u00e7\u00e3o na Unicamp, onde realizou sua resid\u00eancia m\u00e9dica em medicina interna, neurologia cl\u00ednica e tamb\u00e9m seu doutoramento.<\/p>\n<p>Dr. Ricardo nasceu em Bras\u00edlia e fez sua gradua\u00e7\u00e3o em medicina na Universidade de Bras\u00edlia. Foi orador de sua turma e, na finaliza\u00e7\u00e3o do seu discurso de formatura, afirmou que iria estender sua forma\u00e7\u00e3o em outras fontes e assumiu o compromisso de voltar com nova bagagem e contribuir para o engrandecimento da medicina da cidade. Foi com esse esp\u00edrito que fundou o Instituto do C\u00e9rebro de Bras\u00edlia.<\/p>\n<p>Nessa \u00e9poca da formatura, Dr. Ricardo teve in\u00fameras reuni\u00f5es com Dona Sarah Kubitschek, pois havia convidado o presidente Juscelino Kubitschek para ser o patrono da sua turma. E essa foi a primeira vez que uma turma de medicina havia convidado para patrono o tamb\u00e9m m\u00e9dico Juscelino. Em uma dessas reuni\u00f5es, Dona Sarah lhe contou que certo dia Juscelino lhe comunicou que estava se afastando provisoriamente da medicina para assumir a prefeitura de Belo Horizonte. Um pouco mais tarde disse a Dona Sarah: \u201cQuero curar o Brasil\u201d.<\/p>\n<p>Dr. Ricardo tem carregado essa hist\u00f3ria como fonte de inspira\u00e7\u00e3o e, hoje, al\u00e9m de sua atividade clinica di\u00e1ria, conduz um projeto de divulga\u00e7\u00e3o de conhecimento sobre a mente e o c\u00e9rebro, com o apoio do Instituto do C\u00e9rebro de Bras\u00edlia, que inclui uma coluna no Jornal Correio Braziliense e outra na R\u00e1dio CBN.[\/vc_column_text][vc_empty_space height=&#8221;42px&#8221;]<header class=\"kwayy-heading-wrapper kwayy-heading-wrapper-align-left\"><div class=\"kwayy-heading-wrapper-inner\"><h2 class=\"kwayy-heading-align-left\"><span>CONHE\u00c7A NOSSO FUNDADOR<\/span><\/h2><\/div><p class=\"kwayy-subheading\">DR. RICARDO TEIXEIRA - CRM\/DF 12050<\/p><\/header>[vc_row_inner][vc_column_inner width=&#8221;1\/3&#8243;][vc_single_image image=&#8221;4003&#8243; img_size=&#8221;277&#215;336&#8243;][vc_btn title=&#8221;Curr\u00edculo Lattes&#8221; style=&#8221;classic&#8221; align=&#8221;center&#8221; i_icon_fontawesome=&#8221;far fa-address-card&#8221; button_block=&#8221;true&#8221; add_icon=&#8221;true&#8221; link=&#8221;url:http%3A%2F%2Flattes.cnpq.br%2F5649673428416517&#8243;][\/vc_column_inner][vc_column_inner width=&#8221;2\/3&#8243;][vc_raw_html]JTVCdmNfcm93JTVEJTVCdmNfY29sdW1uJTVEJTVCdmNfY29sdW1uX3RleHQlNUQlMEElM0NkaXYlM0UlMEFOZXVyb2xvZ2lzdGElMjBjbCVDMyVBRG5pY28lMkMlMjBkb3V0b3IlMjBlbSUyMG5ldXJvbG9naWElMjBwZWxhJTIwVW5pY2FtcCUyMGUlMjBtZW1icm8lMjB0aXR1bGFyJTIwZGElMjBBY2FkZW1pYSUyMEJyYXNpbGVpcmElMjBkZSUyME5ldXJvbG9naWEuJTBBJTBBRGlyZXRvciUyMGNsJUMzJUFEbmljbyUyMGRvJTIwSW5zdGl0dXRvJTIwZG8lMjBDJUMzJUE5cmVicm8lMjBkZSUyMEJyYXMlQzMlQURsaWEuJTBBJTBBUHJvZmVzc29yJTIwZG8lMjBDdXJzbyUyMGRlJTIwTWVkaWNpbmElMjBkYSUyMFVOSUVVUk8lMEElMEFUaXR1bGFyJTIwZGElMjBjb2x1bmElMjBOZXVyJUMzJUI0bmlvcyUyMGVtJTIwRGlhJTIwZG8lMjBDb3JyZWlvJTIwQnJhemlsaWVuc2UlMjBlJTIwY29sdW5pc3RhJTIwZGElMjBSJUMzJUExZGlvJTIwQ0JOJTIwQnJhcyVDMyVBRGxpYSUyMGNvbSUyMG8lMjBwcm9ncmFtYSUyMEN1Y2ElMjBMZWdhbC4lMEElMEFBdXRvciUyMGRvJTIwYmxvZyUyMENvbnNDaSVDMyVBQW5jaWElMjBubyUyMERpYSUyMGElMjBEaWElMkMlMjB2ZW5jZWRvciUyMGRvJTIwcHIlQzMlQUFtaW8lMjBUb3AlMjBCbG9nJTIwMjAwOSUyMCVFMiU4MCU5MyUyMCUyMG1lbGhvciUyMGJsb2clMjBuYSUyMGNhdGVnb3JpYSUyMHNhJUMzJUJBZGUuJTBBJTBBRm9pJTIwcHJvZmVzc29yJTIwY29sYWJvcmFkb3IlMjBkYSUyMHAlQzMlQjNzLWdyYWR1YSVDMyVBNyVDMyVBM28lMjBlbSUyMGRpdnVsZ2ElQzMlQTclQzMlQTNvJTIwY2llbnQlQzMlQURmaWNhJTIwZSUyMGN1bHR1cmFsJTIwZGElMjBVbmljYW1wJTIwZSUyMGVtJTIwQnJhcyVDMyVBRGxpYSUyQyUyMGZvaSUyMHByb2Zlc3NvciUyMGRvJTIwY3Vyc28lMjBkZSUyMG1lZGljaW5hJTIwZSUyMGRvJTIwbWVzdHJhZG8lMjBlbSUyMGdlcm9udG9sb2dpYSUyMGRhJTIwVW5pdmVyc2lkYWRlJTIwQ2F0JUMzJUIzbGljYSUyMGRlJTIwQnJhcyVDMyVBRGxpYSUyQyUyMGFsJUMzJUE5bSUyMGRlJTIwZGlyZXRvciUyMHQlQzMlQTljbmljbyUyMGUlMjBkZSUyMGVuc2lubyUyMGUlMjBwZXNxdWlzYSUyMGRvJTIwSG9zcGl0YWwlMjBTYW50YSUyMEx1emlhLiUyMEVsZWl0byUyMG5vJTIwYW5vJTIwZGUlMjAyMDA4JTIwYWNhZCVDMyVBQW1pY28lMjB0aXR1bGFyJTIwZGElMjBjYWRlaXJhJTIwbiVDMyVCQW1lcm8lMjAzMiUyMGRhJTIwQWNhZGVtaWElMjBkZSUyME1lZGljaW5hJTIwZGUlMjBCcmFzJUMzJUFEbGlhLiUwQSUwQVRlbSUyMHN1YSUyMHByb2R1JUMzJUE3JUMzJUEzbyUyMGNpZW50JUMzJUFEZmljYSUyMHB1YmxpY2FkYSUyMGVtJTIwcmVub21hZG9zJTIwcGVyaSVDMyVCM2RpY29zJTIwbm9zJTIwRXN0YWRvcyUyMFVuaWRvcyUyQyUyMEV1cm9wYSUyQyUyMEphcCVDMyVBM28lMjBlJTIwQnJhc2lsJTJDJTIwZW50cmUlMjBlbGVzJTIwQXJjaGl2ZXMlMjBvZiUyME5ldXJvbG9neSUyQyUyMEhlYWRhY2hlJTJDJTIwU2VpenVyZSUyQyUyMEVwaWxlcHN5JTIwYW5kJTIwQmVoYXZpb3IlMkMlMjBCcmFpbiUyMGFuZCUyMERldmVsb3BtZW50JTJDJTIwSm91cm5hbCUyMG9mJTIwQ2xpbmljYWwlMjBOZXVyb3BoaXNpb2xvZ3klMkMlMjBDbGluaWNzJTIwZSUyMEFycXVpdm9zJTIwZGUlMjBOZXVyb3BzaXF1aWF0cmlhLiUyMCVDMyU4OSUyMGNlcnRpZmljYWRvJTIwZSUyMG1lbWJybyUyMHRpdHVsYXIlMjBkYSUyMFNvY2llZGFkZSUyMEJyYXNpbGVpcmElMjBkZSUyME5ldXJvZmlzaW9sb2dpYSUyMENsJUMzJUFEbmljYSUyQyUyMEFzc29jaWElQzMlQTclQzMlQTNvJTIwZGUlMjBNZWRpY2luYSUyMEludGVuc2l2YSUyMEJyYXNpbGVpcmElMkMlMjBTb2NpZWRhZGUlMjBCcmFzaWxlaXJhJTIwZGUlMjBDZWZhbGVpYSUyMGUlMjBkYSUyMEFjYWRlbWlhJTIwQnJhc2lsZWlyYSUyMGRlJTIwTmV1cm9sb2dpYS4lMEElM0MlMkZkaXYlM0UlMEElNUIlMkZ2Y19jb2x1bW5fdGV4dCU1RCU1QiUyRnZjX2NvbHVtbiU1RCU1QiUyRnZjX3JvdyU1RA==[\/vc_raw_html][\/vc_column_inner][\/vc_row_inner][\/vc_column][\/vc_row][vc_row css=&#8221;.vc_custom_1452681247667{padding-top: 0px !important;padding-bottom: 40px !important;}&#8221; bgprecolor=&#8221;skin&#8221;][vc_column offset=&#8221;vc_hidden-lg vc_hidden-md vc_hidden-sm vc_hidden-xs&#8221;]\n\t<div class=\"kwayy-team-wrapper kwayy-effect-carousel kwayy-items-col-four kwayy-carousel-col-four\" data-autoplay=\"1\" data-autoplayspeed=\"800\" data-autoplaytimeout=\"4500\" data-loop=\"0\">\n\t<header class=\"kwayy-heading-wrapper kwayy-heading-wrapper-align-left\"><div class=\"kwayy-heading-wrapper-inner\"><h2 class=\"kwayy-heading-align-left\"><span>EQUIPE ICB<\/span><\/h2><div class=\"kwayy-carousel-controls-inner\"><a href=\"javascript:void(0)\" class=\"kwayy-carousel-prev\"><span class=\"wpb_button\"><i class=\"kwicon-fa-angle-left\"><\/i><\/span><\/a><a href=\"javascript:void(0)\" class=\"kwayy-carousel-next\"><span class=\"wpb_button\"><i class=\"kwicon-fa-angle-right\"><\/i><\/span><\/a><\/div><\/div><\/header><div class=\" kwayy-items-wrapper kwayy-carousel-items-wrapper\">\n\t<div class=\"kwayy-team-box \"><div class=\"kwayy-team-img\"><a class=\"tm-team-imglink\" href=\"https:\/\/icbneuro.com.br\/portal\/doutor\/dr-ricardo-afonso-teixeira\/\"><img width=\"397\" height=\"397\" src=\"https:\/\/icbneuro.com.br\/portal\/wp-content\/uploads\/2016\/06\/RICARDO.jpg\" class=\"attachment-full size-full wp-post-image\" alt=\"\" decoding=\"async\" loading=\"lazy\" srcset=\"https:\/\/icbneuro.com.br\/portal\/wp-content\/uploads\/2016\/06\/RICARDO.jpg 397w, https:\/\/icbneuro.com.br\/portal\/wp-content\/uploads\/2016\/06\/RICARDO-150x150.jpg 150w, https:\/\/icbneuro.com.br\/portal\/wp-content\/uploads\/2016\/06\/RICARDO-300x300.jpg 300w, https:\/\/icbneuro.com.br\/portal\/wp-content\/uploads\/2016\/06\/RICARDO-45x45.jpg 45w\" sizes=\"(max-width: 397px) 100vw, 397px\" \/><\/a><div class=\"overthumb\"><\/div><\/div><!-- .kwayy-team-img --><div class=\"kwayy-team-data\"><h3 class=\"kwayy-team-title\"><a href=\"https:\/\/icbneuro.com.br\/portal\/doutor\/dr-ricardo-afonso-teixeira\/\">Dr. Ricardo Afonso Teixeira<\/a><\/h3><h4 class=\"kwayy-team-position\">Neurologista<\/h4>CRM\/DF 12050<\/div>\n\t<\/div>\n\t<\/div><\/div>[\/vc_column][\/vc_row]<\/p>\n","protected":false},"excerpt":{"rendered":"<p>[vc_row][vc_column][vc_column_text]O Instituto do C\u00e9rebro de Bras\u00edlia foi fundado em 2004 com a proposta de oferecer ao paciente um centro de diagn\u00f3stico e tratamento de disfun\u00e7\u00f5es neurol\u00f3gicas com forte \u00eanfase na aplica\u00e7\u00e3o da pr\u00e1tica m\u00e9dica baseada nas mais atualizadas evid\u00eancias cient\u00edficas. Dr. Ricardo Teixeira, seu fundador e atual diretor clinico, iniciou suas atividades cl\u00ednicas em Bras\u00edlia [&hellip;]<\/p>\n","protected":false},"author":1,"featured_media":4974,"parent":0,"menu_order":0,"comment_status":"closed","ping_status":"closed","template":"","meta":{"_joinchat":[]},"_links":{"self":[{"href":"https:\/\/icbneuro.com.br\/portal\/wp-json\/wp\/v2\/pages\/1634"}],"collection":[{"href":"https:\/\/icbneuro.com.br\/portal\/wp-json\/wp\/v2\/pages"}],"about":[{"href":"https:\/\/icbneuro.com.br\/portal\/wp-json\/wp\/v2\/types\/page"}],"author":[{"embeddable":true,"href":"https:\/\/icbneuro.com.br\/portal\/wp-json\/wp\/v2\/users\/1"}],"replies":[{"embeddable":true,"href":"https:\/\/icbneuro.com.br\/portal\/wp-json\/wp\/v2\/comments?post=1634"}],"version-history":[{"count":23,"href":"https:\/\/icbneuro.com.br\/portal\/wp-json\/wp\/v2\/pages\/1634\/revisions"}],"predecessor-version":[{"id":4038,"href":"https:\/\/icbneuro.com.br\/portal\/wp-json\/wp\/v2\/pages\/1634\/revisions\/4038"}],"wp:featuredmedia":[{"embeddable":true,"href":"https:\/\/icbneuro.com.br\/portal\/wp-json\/wp\/v2\/media\/4974"}],"wp:attachment":[{"href":"https:\/\/icbneuro.com.br\/portal\/wp-json\/wp\/v2\/media?parent=1634"}],"curies":[{"name":"wp","href":"https:\/\/api.w.org\/{rel}","templated":true}]}}