{"id":1639,"date":"2016-06-11T18:17:51","date_gmt":"2016-06-11T21:17:51","guid":{"rendered":"http:\/\/icbneuro.com.br\/?page_id=1639"},"modified":"2016-08-26T13:14:56","modified_gmt":"2016-08-26T16:14:56","slug":"nossa-estrutura","status":"publish","type":"page","link":"https:\/\/icbneuro.com.br\/portal\/nossa-estrutura\/","title":{"rendered":"Nossa Estrutura"},"content":{"rendered":"<p>[vc_row][vc_column][vc_gallery type=&#8221;image_grid&#8221; images=&#8221;2342&#8243; img_size=&#8221;full&#8221; onclick=&#8221;&#8221;][vc_column_text]Localizado em uma das mais privilegiadas \u00e1reas do segmento de sa\u00fade de Bras\u00edlia, o ICB caracteriza-se tamb\u00e9m pelo atendimento personalizado, ambiente aconchegante e grande respeito \u00e0 rela\u00e7\u00e3o m\u00e9dico-paciente.<\/p>\n<p>O ICB foi fundado no ano de 2004 e tem passado por sucessivas amplia\u00e7\u00f5es de sua estrutura f\u00edsica, com incorpora\u00e7\u00e3o de novas salas de atendimento e exames, unidade de sono, al\u00e9m de recursos e equipamentos de alta tecnologia. Uma iniciativa que garante a seguran\u00e7a e qualidade da assist\u00eancia do ICB.<\/p>\n<p>O ICB encontra-se no Centro Clinico Sul que \u00e9 considerado uma das localiza\u00e7\u00f5es mais confort\u00e1veis em Bras\u00edlia para o usu\u00e1rio de um servi\u00e7o de sa\u00fade. Tem estacionamento gratuito e amplo \u00e0 frente da Legi\u00e3o da Boa Vontade (LBV) e estacionamento rotativo no Centro Cl\u00ednico. Al\u00e9m disso, as melhores clinicas de neuroimagem, an\u00e1lises cl\u00ednicas e outras especialidades encontram-se no pr\u00f3prio pr\u00e9dio ou em constru\u00e7\u00f5es vizinhas.[\/vc_column_text][\/vc_column][\/vc_row]<\/p>\n","protected":false},"excerpt":{"rendered":"<p>[vc_row][vc_column][vc_gallery type=&#8221;image_grid&#8221; images=&#8221;2342&#8243; img_size=&#8221;full&#8221; onclick=&#8221;&#8221;][vc_column_text]Localizado em uma das mais privilegiadas \u00e1reas do segmento de sa\u00fade de Bras\u00edlia, o ICB caracteriza-se tamb\u00e9m pelo atendimento personalizado, ambiente aconchegante e grande respeito \u00e0 rela\u00e7\u00e3o m\u00e9dico-paciente. O ICB foi fundado no ano de 2004 e tem passado por sucessivas amplia\u00e7\u00f5es de sua estrutura f\u00edsica, com incorpora\u00e7\u00e3o de novas salas [&hellip;]<\/p>\n","protected":false},"author":1,"featured_media":4974,"parent":0,"menu_order":0,"comment_status":"closed","ping_status":"closed","template":"","meta":{"_joinchat":[]},"_links":{"self":[{"href":"https:\/\/icbneuro.com.br\/portal\/wp-json\/wp\/v2\/pages\/1639"}],"collection":[{"href":"https:\/\/icbneuro.com.br\/portal\/wp-json\/wp\/v2\/pages"}],"about":[{"href":"https:\/\/icbneuro.com.br\/portal\/wp-json\/wp\/v2\/types\/page"}],"author":[{"embeddable":true,"href":"https:\/\/icbneuro.com.br\/portal\/wp-json\/wp\/v2\/users\/1"}],"replies":[{"embeddable":true,"href":"https:\/\/icbneuro.com.br\/portal\/wp-json\/wp\/v2\/comments?post=1639"}],"version-history":[{"count":0,"href":"https:\/\/icbneuro.com.br\/portal\/wp-json\/wp\/v2\/pages\/1639\/revisions"}],"wp:featuredmedia":[{"embeddable":true,"href":"https:\/\/icbneuro.com.br\/portal\/wp-json\/wp\/v2\/media\/4974"}],"wp:attachment":[{"href":"https:\/\/icbneuro.com.br\/portal\/wp-json\/wp\/v2\/media?parent=1639"}],"curies":[{"name":"wp","href":"https:\/\/api.w.org\/{rel}","templated":true}]}}