{"id":1646,"date":"2016-06-11T18:31:30","date_gmt":"2016-06-11T21:31:30","guid":{"rendered":"http:\/\/icbneuro.com.br\/?page_id=1646"},"modified":"2022-04-21T14:08:39","modified_gmt":"2022-04-21T17:08:39","slug":"tecnologia","status":"publish","type":"page","link":"https:\/\/icbneuro.com.br\/portal\/tecnologia\/","title":{"rendered":"Tecnologia"},"content":{"rendered":"<p>[vc_row][vc_column][vc_column_text]<\/p>\n<div class=\"vc_row wpb_row vc_row-fluid\">\n<div class=\"section clearfix grid_section \">\n<div class=\"wpb_column vc_column_container vc_col-sm-12 \">\n<div class=\"vc_column-inner \">\n<div class=\"wpb_wrapper\">\n<div class=\"wpb_text_column wpb_content_element \">\n<div class=\"wpb_wrapper\">\n<p>No ICB voc\u00ea pode contar com a tecnologia necess\u00e1ria para o diagn\u00f3stico preciso e acompanhamento seguro de diversas condi\u00e7\u00f5es neurol\u00f3gicas e psiqui\u00e1tricas.<\/p>\n<p>Para conhecer mais detalhes sobre os exames oferecidos, clique sobre o item escolhido:<\/p>\n<\/div>\n<\/div>\n<\/div>\n<\/div>\n<\/div>\n<\/div>\n<\/div>\n<p>[\/vc_column_text][\/vc_column][\/vc_row][vc_row][vc_column width=&#8221;1\/3&#8243;][vc_column_text]<section class=\"kwayy-servicebox kwayy-servicebox-bordercentericon  float\"><div class=\"kwayy-servicebox-title-wrapper\"><i class=\"kwayy-icon kwicon-fa-bar-chart icon-size-large icon-align-left kwayy-ibgcolor kwayy-ibgcolor-skincolor\"><\/i><h2 class=\"kwayy-servicebox-title\"><a class=\"kwayy-sb-title-link\" href=\"https:\/\/icbneuro.com.br\/portal\/eletroencefalograma-digital\/\"\n   title=\"\" target=\"\">Eletroencefalograma Digital<\/a><\/h2><div class=\"kwayy-servicebox-content\"><div class=\"kwayy-sb-main-link\"><a href=\"https:\/\/icbneuro.com.br\/portal\/exames\/eletroencefalograma-digital\/\" title=\"\" >Saiba mais<\/a><\/div><\/div><\/div><\/section>[\/vc_column_text][\/vc_column][vc_column width=&#8221;1\/3&#8243;][vc_column_text]<section class=\"kwayy-servicebox kwayy-servicebox-bordercentericon  float\"><div class=\"kwayy-servicebox-title-wrapper\"><i class=\"kwayy-icon kwicon-fa-bar-chart icon-size-large icon-align-left kwayy-ibgcolor kwayy-ibgcolor-skincolor\"><\/i><h2 class=\"kwayy-servicebox-title\"><a class=\"kwayy-sb-title-link\" href=\"https:\/\/icbneuro.com.br\/portal\/exames\/mapeamento-cerebral\/\"\n   title=\"\" target=\"\">Mapeamento Cerebral<\/a><\/h2><div class=\"kwayy-servicebox-content\"><div class=\"kwayy-sb-main-link\"><a href=\"https:\/\/icbneuro.com.br\/portal\/mapeamento-cerebral\/\" title=\"\" >Saiba mais<\/a><\/div><\/div><\/div><\/section>[\/vc_column_text][\/vc_column][vc_column width=&#8221;1\/3&#8243;][vc_column_text]<section class=\"kwayy-servicebox kwayy-servicebox-bordercentericon  float\"><div class=\"kwayy-servicebox-title-wrapper\"><i class=\"kwayy-icon kwicon-fa-bar-chart icon-size-large icon-align-left kwayy-ibgcolor kwayy-ibgcolor-skincolor\"><\/i><h2 class=\"kwayy-servicebox-title\"><a class=\"kwayy-sb-title-link\" href=\"https:\/\/icbneuro.com.br\/portal\/exames\/potenciais_evocados\/\"\n   title=\"\" target=\"\">Potenciais Evocados<\/a><\/h2><div class=\"kwayy-servicebox-content\"><div class=\"kwayy-sb-main-link\"><a href=\"https:\/\/icbneuro.com.br\/portal\/exames\/potenciais_evocados\/\" title=\"\" >Saiba mais<\/a><\/div><\/div><\/div><\/section>[\/vc_column_text][\/vc_column][\/vc_row][vc_row][vc_column width=&#8221;1\/3&#8243;][vc_column_text]<section class=\"kwayy-servicebox kwayy-servicebox-bordercentericon  float\"><div class=\"kwayy-servicebox-title-wrapper\"><i class=\"kwayy-icon kwicon-fa-bar-chart icon-size-large icon-align-left kwayy-ibgcolor kwayy-ibgcolor-skincolor\"><\/i><h2 class=\"kwayy-servicebox-title\"><a class=\"kwayy-sb-title-link\" href=\"https:\/\/icbneuro.com.br\/portal\/exames\/cpt3\/\"\n   title=\"\" target=\"\">CPT3<\/a><\/h2><div class=\"kwayy-servicebox-content\"><div class=\"kwayy-sb-main-link\"><a href=\"https:\/\/icbneuro.com.br\/portal\/exames\/cpt3\/\" title=\"\" >Saiba mais<\/a><\/div><\/div><\/div><\/section>[\/vc_column_text][\/vc_column][vc_column width=&#8221;1\/3&#8243;][vc_column_text]<section class=\"kwayy-servicebox kwayy-servicebox-bordercentericon  float\"><div class=\"kwayy-servicebox-title-wrapper\"><i class=\"kwayy-icon kwicon-fa-bar-chart icon-size-large icon-align-left kwayy-ibgcolor kwayy-ibgcolor-skincolor\"><\/i><h2 class=\"kwayy-servicebox-title\"><a class=\"kwayy-sb-title-link\" href=\"https:\/\/icbneuro.com.br\/portal\/exames\/doppler-transcraniano\/\"\n   title=\"\" target=\"\">Doppler Transcraniano<\/a><\/h2><div class=\"kwayy-servicebox-content\"><div class=\"kwayy-sb-main-link\"><a href=\"https:\/\/icbneuro.com.br\/portal\/exames\/doppler-transcraniano\/\" title=\"\"  target=\"_blank\" >Saiba mais<\/a><\/div><\/div><\/div><\/section>[\/vc_column_text][\/vc_column][vc_column width=&#8221;1\/3&#8243;][vc_column_text]<section class=\"kwayy-servicebox kwayy-servicebox-bordercentericon  float\"><div class=\"kwayy-servicebox-title-wrapper\"><i class=\"kwayy-icon kwicon-fa-bar-chart icon-size-large icon-align-left kwayy-ibgcolor kwayy-ibgcolor-skincolor\"><\/i><h2 class=\"kwayy-servicebox-title\"><a class=\"kwayy-sb-title-link\" href=\"https:\/\/icbneuro.com.br\/portal\/exames\/teste-de-vasorreatividade-cerebral\/\"\n   title=\"\" target=\"\">Teste de Vasorreatividade Cerebral<\/a><\/h2><div class=\"kwayy-servicebox-content\"><div class=\"kwayy-sb-main-link\"><a href=\"https:\/\/icbneuro.com.br\/portal\/exames\/teste-de-vasorreatividade-cerebral\/\" title=\"\" >Saiba mais<\/a><\/div><\/div><\/div><\/section>[\/vc_column_text][\/vc_column][\/vc_row]<\/p>\n","protected":false},"excerpt":{"rendered":"<p>[vc_row][vc_column][vc_column_text] No ICB voc\u00ea pode contar com a tecnologia necess\u00e1ria para o diagn\u00f3stico preciso e acompanhamento seguro de diversas condi\u00e7\u00f5es neurol\u00f3gicas e psiqui\u00e1tricas. Para conhecer mais detalhes sobre os exames oferecidos, clique sobre o item escolhido: [\/vc_column_text][\/vc_column][\/vc_row][vc_row][vc_column width=&#8221;1\/3&#8243;][vc_column_text][\/vc_column_text][\/vc_column][vc_column width=&#8221;1\/3&#8243;][vc_column_text][\/vc_column_text][\/vc_column][vc_column width=&#8221;1\/3&#8243;][vc_column_text][\/vc_column_text][\/vc_column][\/vc_row][vc_row][vc_column width=&#8221;1\/3&#8243;][vc_column_text][\/vc_column_text][\/vc_column][vc_column width=&#8221;1\/3&#8243;][vc_column_text][\/vc_column_text][\/vc_column][vc_column width=&#8221;1\/3&#8243;][vc_column_text][\/vc_column_text][\/vc_column][\/vc_row]<\/p>\n","protected":false},"author":1,"featured_media":4974,"parent":0,"menu_order":0,"comment_status":"closed","ping_status":"closed","template":"","meta":{"_joinchat":[]},"_links":{"self":[{"href":"https:\/\/icbneuro.com.br\/portal\/wp-json\/wp\/v2\/pages\/1646"}],"collection":[{"href":"https:\/\/icbneuro.com.br\/portal\/wp-json\/wp\/v2\/pages"}],"about":[{"href":"https:\/\/icbneuro.com.br\/portal\/wp-json\/wp\/v2\/types\/page"}],"author":[{"embeddable":true,"href":"https:\/\/icbneuro.com.br\/portal\/wp-json\/wp\/v2\/users\/1"}],"replies":[{"embeddable":true,"href":"https:\/\/icbneuro.com.br\/portal\/wp-json\/wp\/v2\/comments?post=1646"}],"version-history":[{"count":1,"href":"https:\/\/icbneuro.com.br\/portal\/wp-json\/wp\/v2\/pages\/1646\/revisions"}],"predecessor-version":[{"id":3963,"href":"https:\/\/icbneuro.com.br\/portal\/wp-json\/wp\/v2\/pages\/1646\/revisions\/3963"}],"wp:featuredmedia":[{"embeddable":true,"href":"https:\/\/icbneuro.com.br\/portal\/wp-json\/wp\/v2\/media\/4974"}],"wp:attachment":[{"href":"https:\/\/icbneuro.com.br\/portal\/wp-json\/wp\/v2\/media?parent=1646"}],"curies":[{"name":"wp","href":"https:\/\/api.w.org\/{rel}","templated":true}]}}