{"id":1666,"date":"2016-06-12T00:54:50","date_gmt":"2016-06-12T03:54:50","guid":{"rendered":"http:\/\/icbneuro.com.br\/?page_id=1666"},"modified":"2022-05-04T15:57:21","modified_gmt":"2022-05-04T18:57:21","slug":"servicos","status":"publish","type":"page","link":"https:\/\/icbneuro.com.br\/portal\/servicos\/","title":{"rendered":"Servi\u00e7os"},"content":{"rendered":"<p>[vc_row][vc_column][vc_empty_space]<header class=\"kwayy-heading-wrapper kwayy-heading-wrapper-align-left\"><div class=\"kwayy-heading-wrapper-inner\"><h2 class=\"kwayy-heading-align-left\"><span>Consultas<\/span><\/h2><\/div><\/header>[vc_column_text]O ICB conta com uma agenda de consultas na \u00e1rea de Neurologia cl\u00ednica, uma\u00a0 especialidade da Medicina que estuda as doen\u00e7as relacionadas ao Sistema Nervoso, confira mais detalhes clicando no bot\u00e3o abaixo ou agende uma consulta <a href=\"https:\/\/icbneuro.com.br\/portal\/contato\/\">clicando aqui<\/a>.[\/vc_column_text][vc_btn title=&#8221;Saiba mais&#8221; link=&#8221;url:https%3A%2F%2Ficbneuro.com.br%2Fportal%2Fservicos%2Fneurologia-clinica%2F|title:Neurologia%20Cl%C3%ADnica&#8221;][\/vc_column][\/vc_row][vc_row][vc_column]<header class=\"kwayy-heading-wrapper kwayy-heading-wrapper-align-left\"><div class=\"kwayy-heading-wrapper-inner\"><h2 class=\"kwayy-heading-align-left\"><span>Centro de Cefal\u00e9ia Bras\u00edlia<\/span><\/h2><\/div><\/header>[vc_column_text]O Centro de Cefal\u00e9ia Bras\u00edlia \u00e9 uma unidade assistencial do Instituto do C\u00e9rebro de Bras\u00edlia especializada no diagn\u00f3stico e tratamento das diversas formas de dor de cabe\u00e7a, confira mais detalhes clicando no bot\u00e3o abaixo ou agende uma consulta <a href=\"https:\/\/icbneuro.com.br\/portal\/contato\/\">clicando aqui<\/a>.[\/vc_column_text][vc_btn title=&#8221;Saiba mais&#8221; link=&#8221;url:https%3A%2F%2Ficbneuro.com.br%2Fportal%2Fservicos%2Fcentro-de-cefaleia-brasilia%2F|title:Neurologia%20Cl%C3%ADnica&#8221;][\/vc_column][\/vc_row][vc_row][vc_column][vc_cta_button2 h2=&#8221;Como agendar uma consulta ou exame?&#8221; style=&#8221;square&#8221; title=&#8221;Entre em contato&#8221; btn_style=&#8221;square&#8221; color=&#8221;white&#8221; link=&#8221;url:http%3A%2F%2Ficbneuro.com.br%2Fportal%2Ftemplate%2Fcontato%2F||&#8221;]O agendamento deve ser realizado de 2\u00aa a 6\u00aa feira, no hor\u00e1rio de 8h00 \u00e0s 18h00, pelos telefones: (61) 3346 -5383 \/ 3346-9102[\/vc_cta_button2][\/vc_column][\/vc_row]<\/p>\n","protected":false},"excerpt":{"rendered":"<p>[vc_row][vc_column][vc_empty_space][vc_column_text]O ICB conta com uma agenda de consultas na \u00e1rea de Neurologia cl\u00ednica, uma\u00a0 especialidade da Medicina que estuda as doen\u00e7as relacionadas ao Sistema Nervoso, confira mais detalhes clicando no bot\u00e3o abaixo ou agende uma consulta clicando aqui.[\/vc_column_text][vc_btn title=&#8221;Saiba mais&#8221; link=&#8221;url:https%3A%2F%2Ficbneuro.com.br%2Fportal%2Fservicos%2Fneurologia-clinica%2F|title:Neurologia%20Cl%C3%ADnica&#8221;][\/vc_column][\/vc_row][vc_row][vc_column][vc_column_text]O Centro de Cefal\u00e9ia Bras\u00edlia \u00e9 uma unidade assistencial do Instituto do C\u00e9rebro de Bras\u00edlia [&hellip;]<\/p>\n","protected":false},"author":1,"featured_media":4974,"parent":0,"menu_order":0,"comment_status":"closed","ping_status":"closed","template":"","meta":{"_joinchat":[]},"_links":{"self":[{"href":"https:\/\/icbneuro.com.br\/portal\/wp-json\/wp\/v2\/pages\/1666"}],"collection":[{"href":"https:\/\/icbneuro.com.br\/portal\/wp-json\/wp\/v2\/pages"}],"about":[{"href":"https:\/\/icbneuro.com.br\/portal\/wp-json\/wp\/v2\/types\/page"}],"author":[{"embeddable":true,"href":"https:\/\/icbneuro.com.br\/portal\/wp-json\/wp\/v2\/users\/1"}],"replies":[{"embeddable":true,"href":"https:\/\/icbneuro.com.br\/portal\/wp-json\/wp\/v2\/comments?post=1666"}],"version-history":[{"count":9,"href":"https:\/\/icbneuro.com.br\/portal\/wp-json\/wp\/v2\/pages\/1666\/revisions"}],"predecessor-version":[{"id":3996,"href":"https:\/\/icbneuro.com.br\/portal\/wp-json\/wp\/v2\/pages\/1666\/revisions\/3996"}],"wp:featuredmedia":[{"embeddable":true,"href":"https:\/\/icbneuro.com.br\/portal\/wp-json\/wp\/v2\/media\/4974"}],"wp:attachment":[{"href":"https:\/\/icbneuro.com.br\/portal\/wp-json\/wp\/v2\/media?parent=1666"}],"curies":[{"name":"wp","href":"https:\/\/api.w.org\/{rel}","templated":true}]}}