{"id":1674,"date":"2016-06-12T01:27:04","date_gmt":"2016-06-12T04:27:04","guid":{"rendered":"http:\/\/icbneuro.com.br\/?page_id=1674"},"modified":"2022-04-19T15:09:44","modified_gmt":"2022-04-19T18:09:44","slug":"neurologia-clinica","status":"publish","type":"page","link":"https:\/\/icbneuro.com.br\/portal\/servicos\/neurologia-clinica\/","title":{"rendered":"Neurologia Cl\u00ednica"},"content":{"rendered":"<p>[vc_row][vc_column][vc_single_image image=&#8221;1928&#8243; img_size=&#8221;full&#8221;][vc_column_text]<\/p>\n<div class=\"wpb_text_column wpb_content_element \">\n<div class=\"wpb_wrapper\">\n<p>A Neurologia \u00e9 a especialidade da Medicina que estuda as doen\u00e7as relacionadas ao Sistema Nervoso, sistema que permeia toda nossa intera\u00e7\u00e3o com o mundo \u00e0 nossa volta (e.g.; \u00f3rg\u00e3os dos sentidos, respostas motoras, emo\u00e7\u00e3o), tamb\u00e9m chamada Vida de Rela\u00e7\u00e3o. Esse \u00e9 um sistema de grande complexidade anat\u00f4mica e funcional, e por isso os sinais e sintomas que sugerem uma doen\u00e7a neurol\u00f3gica podem ser muito variados e podem ocorrer de forma isolada ou combinada.<\/p>\n<p>Os sintomas e sinais neurol\u00f3gicos podem envolver diferentes dimens\u00f5es:<\/p>\n<ul>\n<li>Altera\u00e7\u00f5es ps\u00edquicas e cognitivas (transtornos da consci\u00eancia, do comportamento, da aten\u00e7\u00e3o, da mem\u00f3ria, da organiza\u00e7\u00e3o do pensamento, da linguagem, da percep\u00e7\u00e3o e da organiza\u00e7\u00e3o de atos complexos);<\/li>\n<li>Altera\u00e7\u00f5es motoras (d\u00e9ficit de for\u00e7a muscular ou paralisias nos diferentes segmentos corporais, dist\u00farbios da coordena\u00e7\u00e3o e do equil\u00edbrio, movimentos involunt\u00e1rios como por ex. tremores);<\/li>\n<li>Altera\u00e7\u00f5es da sensibilidade (anestesias e formigamentos) e das fun\u00e7\u00f5es sensoriais (olfa\u00e7\u00e3o, vis\u00e3o, audi\u00e7\u00e3o, gusta\u00e7\u00e3o);<\/li>\n<li>Altera\u00e7\u00f5es do sistema nervoso aut\u00f4nomo (desmaios, enxaqueca, altera\u00e7\u00e3o dos esf\u00edncteres);<\/li>\n<\/ul>\n<p>Os principais grupos de doen\u00e7as neurol\u00f3gicas s\u00e3o:<\/p>\n<ul>\n<li>Doen\u00e7as cerebrovasculares. Ex: acidente vascular cerebral, popularmente conhecido como derrame;<\/li>\n<li>Doen\u00e7as degenerativas. Ex: Doen\u00e7a de Parkinson, Doen\u00e7a de Alzheimer;<\/li>\n<li>Doen\u00e7as desmielinizantes. Ex: esclerose m\u00faltipla;<\/li>\n<li>Doen\u00e7as infecciosas. Ex: meningites;<\/li>\n<li>Tumores do Sistema Nervoso Central ou Perif\u00e9rico;<\/li>\n<li>Traumatismos do cr\u00e2nio e da coluna;<\/li>\n<li>Doen\u00e7as dos m\u00fasculos ou dos nervos. Ex: polineuropatia, polimiosite;<\/li>\n<li>Altera\u00e7\u00f5es do desenvolvimento. Ex: malforma\u00e7\u00f5es do sistema nervoso, d\u00e9ficit de aten\u00e7\u00e3o\/hiperatividade;<\/li>\n<li>Dores de cabe\u00e7a de causas \u201cneuroqu\u00edmicas\u201d. Ex: enxaqueca;<\/li>\n<li>Desmaios causados por disfun\u00e7\u00f5es do sistema nervoso aut\u00f4nomo. Ex: S\u00edncope Vasovagal<\/li>\n<li>Dist\u00farbio da excitabilidade do c\u00e9rebro manifestando-se como uma crise epil\u00e9ptica. Pode estar associado a qualquer uma das altera\u00e7\u00f5es acima descritas.<\/li>\n<\/ul>\n<\/div>\n<\/div>\n<p>[\/vc_column_text][\/vc_column][\/vc_row][vc_row][vc_column][vc_empty_space][\/vc_column][\/vc_row][vc_row][vc_column]<header class=\"kwayy-heading-wrapper kwayy-heading-wrapper-align-left\"><div class=\"kwayy-heading-wrapper-inner\"><h2 class=\"kwayy-heading-align-left\"><span>Outros Servi\u00e7os<\/span><\/h2><\/div><\/header>[\/vc_column][\/vc_row][vc_row][vc_column][vc_column_text css=&#8221;.vc_custom_1469624548830{margin-bottom: 10px !important;}&#8221;]<\/p>\n<h3>Centro de Cefal\u00e9ia Bras\u00edlia<\/h3>\n<p>O Centro de Cefal\u00e9ia Bras\u00edlia \u00e9 uma unidade assistencial do Instituto do C\u00e9rebro de Bras\u00edlia especializada no diagn\u00f3stico\u00a0e tratamento das diversas formas de dor de cabe\u00e7a.[\/vc_column_text][vc_btn title=&#8221;Saiba mais&#8221; style=&#8221;flat&#8221; size=&#8221;sm&#8221; align=&#8221;right&#8221; link=&#8221;url:http%3A%2F%2Ficbneuro.com.br%2Fportal%2Fservicos%2Fcentro-de-cefaleia-brasilia%2F||&#8221;][\/vc_column][\/vc_row]<\/p>\n","protected":false},"excerpt":{"rendered":"<p>[vc_row][vc_column][vc_single_image image=&#8221;1928&#8243; img_size=&#8221;full&#8221;][vc_column_text] A Neurologia \u00e9 a especialidade da Medicina que estuda as doen\u00e7as relacionadas ao Sistema Nervoso, sistema que permeia toda nossa intera\u00e7\u00e3o com o mundo \u00e0 nossa volta (e.g.; \u00f3rg\u00e3os dos sentidos, respostas motoras, emo\u00e7\u00e3o), tamb\u00e9m chamada Vida de Rela\u00e7\u00e3o. Esse \u00e9 um sistema de grande complexidade anat\u00f4mica e funcional, e por isso [&hellip;]<\/p>\n","protected":false},"author":1,"featured_media":4974,"parent":1666,"menu_order":0,"comment_status":"closed","ping_status":"closed","template":"","meta":{"_joinchat":[]},"_links":{"self":[{"href":"https:\/\/icbneuro.com.br\/portal\/wp-json\/wp\/v2\/pages\/1674"}],"collection":[{"href":"https:\/\/icbneuro.com.br\/portal\/wp-json\/wp\/v2\/pages"}],"about":[{"href":"https:\/\/icbneuro.com.br\/portal\/wp-json\/wp\/v2\/types\/page"}],"author":[{"embeddable":true,"href":"https:\/\/icbneuro.com.br\/portal\/wp-json\/wp\/v2\/users\/1"}],"replies":[{"embeddable":true,"href":"https:\/\/icbneuro.com.br\/portal\/wp-json\/wp\/v2\/comments?post=1674"}],"version-history":[{"count":0,"href":"https:\/\/icbneuro.com.br\/portal\/wp-json\/wp\/v2\/pages\/1674\/revisions"}],"up":[{"embeddable":true,"href":"https:\/\/icbneuro.com.br\/portal\/wp-json\/wp\/v2\/pages\/1666"}],"wp:featuredmedia":[{"embeddable":true,"href":"https:\/\/icbneuro.com.br\/portal\/wp-json\/wp\/v2\/media\/4974"}],"wp:attachment":[{"href":"https:\/\/icbneuro.com.br\/portal\/wp-json\/wp\/v2\/media?parent=1674"}],"curies":[{"name":"wp","href":"https:\/\/api.w.org\/{rel}","templated":true}]}}