{"id":1678,"date":"2016-06-12T01:39:55","date_gmt":"2016-06-12T04:39:55","guid":{"rendered":"http:\/\/icbneuro.com.br\/?page_id=1678"},"modified":"2022-04-19T14:36:38","modified_gmt":"2022-04-19T17:36:38","slug":"centro-de-cefaleia-brasilia","status":"publish","type":"page","link":"https:\/\/icbneuro.com.br\/portal\/servicos\/centro-de-cefaleia-brasilia\/","title":{"rendered":"Centro de Cefal\u00e9ia Bras\u00edlia"},"content":{"rendered":"<p>[vc_row][vc_column][vc_single_image image=&#8221;1922&#8243; img_size=&#8221;full&#8221;][vc_column_text]Dor de cabe\u00e7a \u00e9 um problema que afeta cerca de 50% da popula\u00e7\u00e3o em todo o mundo e estima-se que at\u00e9 um ter\u00e7o dessas pessoas jamais chegou a procurar um servi\u00e7o m\u00e9dico para cuidar desse problema. A grande maioria acaba usando analg\u00e9sicos sem orienta\u00e7\u00e3o m\u00e9dica o que pode, em alguns casos, dificultar ainda mais o controle das crises de dor.<\/p>\n<p>S\u00e3o descritos mais de 300 formas diferentes de dor de cabe\u00e7a e cada uma tem sua abordagem espec\u00edfica e, por isso, a automedica\u00e7\u00e3o pode, muitas vezes, mais atrapalhar do que ajudar. N\u00e3o raramente, a dor de cabe\u00e7a \u00e9 a manifesta\u00e7\u00e3o de uma s\u00e9ria condi\u00e7\u00e3o cl\u00ednica ou neurol\u00f3gica.<\/p>\n<p>No Centro de Cefal\u00e9ia Bras\u00edlia, o paciente passa por uma avalia\u00e7\u00e3o de um neurologista cl\u00ednico que analisa as potenciais causas da sua dor de cabe\u00e7a. A depender das necessidades individuais, podem ser solicitados exames complementares, assim como a atua\u00e7\u00e3o de outros especialistas, como neurocirurgi\u00e3o, psiquiatra, dentista, nutricionista e psic\u00f3logo.<\/p>\n<p>O Centro de Cefal\u00e9ia Bras\u00edlia \u00e9 coordenado pelo Dr. Ricardo Afonso Teixeira, neurologista cl\u00ednico e doutor pela Universidade Estadual de Campinas (Unicamp).\u00a0<a href=\"https:\/\/www.icbneuro.com.br\/portal\/doutores\/dr-ricardo-afonso-teixeira\/\">Clique aqui<\/a>\u00a0para mais informa\u00e7\u00f5es do Dr. Ricardo Afonso Teixeira.<\/p>\n<p>Visite o blog do Centro de Cefal\u00e9ia Bras\u00edlia<br \/>\n<a href=\"http:\/\/www.cefaleiabrasilia.com\/\" target=\"_blank\" rel=\"noopener\">http:\/\/www.cefaleiabrasilia.com\/<\/a>[\/vc_column_text][\/vc_column][\/vc_row][vc_row][vc_column][vc_empty_space][\/vc_column][\/vc_row][vc_row][vc_column][vc_cta_button2 h2=&#8221;Como agendar uma consulta ou exame?&#8221; style=&#8221;square&#8221; title=&#8221;Entre em contato&#8221; btn_style=&#8221;square&#8221; color=&#8221;white&#8221; link=&#8221;url:http%3A%2F%2Ficbneuro.com.br%2Fportal%2Fcontato||&#8221;]O agendamento deve ser realizado de 2\u00aa a 6\u00aa feira, no hor\u00e1rio de 8h00 \u00e0s 18h00, pelos telefones: (61) 3346 -5383 \/ 3346-9102[\/vc_cta_button2][\/vc_column][\/vc_row]<\/p>\n","protected":false},"excerpt":{"rendered":"<p>[vc_row][vc_column][vc_single_image image=&#8221;1922&#8243; img_size=&#8221;full&#8221;][vc_column_text]Dor de cabe\u00e7a \u00e9 um problema que afeta cerca de 50% da popula\u00e7\u00e3o em todo o mundo e estima-se que at\u00e9 um ter\u00e7o dessas pessoas jamais chegou a procurar um servi\u00e7o m\u00e9dico para cuidar desse problema. A grande maioria acaba usando analg\u00e9sicos sem orienta\u00e7\u00e3o m\u00e9dica o que pode, em alguns casos, dificultar ainda [&hellip;]<\/p>\n","protected":false},"author":1,"featured_media":4974,"parent":1666,"menu_order":0,"comment_status":"closed","ping_status":"closed","template":"","meta":{"_joinchat":[]},"_links":{"self":[{"href":"https:\/\/icbneuro.com.br\/portal\/wp-json\/wp\/v2\/pages\/1678"}],"collection":[{"href":"https:\/\/icbneuro.com.br\/portal\/wp-json\/wp\/v2\/pages"}],"about":[{"href":"https:\/\/icbneuro.com.br\/portal\/wp-json\/wp\/v2\/types\/page"}],"author":[{"embeddable":true,"href":"https:\/\/icbneuro.com.br\/portal\/wp-json\/wp\/v2\/users\/1"}],"replies":[{"embeddable":true,"href":"https:\/\/icbneuro.com.br\/portal\/wp-json\/wp\/v2\/comments?post=1678"}],"version-history":[{"count":0,"href":"https:\/\/icbneuro.com.br\/portal\/wp-json\/wp\/v2\/pages\/1678\/revisions"}],"up":[{"embeddable":true,"href":"https:\/\/icbneuro.com.br\/portal\/wp-json\/wp\/v2\/pages\/1666"}],"wp:featuredmedia":[{"embeddable":true,"href":"https:\/\/icbneuro.com.br\/portal\/wp-json\/wp\/v2\/media\/4974"}],"wp:attachment":[{"href":"https:\/\/icbneuro.com.br\/portal\/wp-json\/wp\/v2\/media?parent=1678"}],"curies":[{"name":"wp","href":"https:\/\/api.w.org\/{rel}","templated":true}]}}