{"id":1734,"date":"2016-06-14T23:53:48","date_gmt":"2016-06-15T02:53:48","guid":{"rendered":"http:\/\/icbneuro.com.br\/?page_id=1734"},"modified":"2016-07-13T15:01:14","modified_gmt":"2016-07-13T18:01:14","slug":"mapeamento-cerebral","status":"publish","type":"page","link":"https:\/\/icbneuro.com.br\/portal\/exames\/mapeamento-cerebral\/","title":{"rendered":"Mapeamento Cerebral"},"content":{"rendered":"<p>[vc_row][vc_column][vc_single_image image=&#8221;1935&#8243; img_size=&#8221;full&#8221;][vc_column_text]O Eletrencefalograma (EEG) \u00e9 uma tecnologia capaz de extrair informa\u00e7\u00f5es do funcionamento cerebral de extrema import\u00e2ncia para a pr\u00e1tica cl\u00ednica.<\/p>\n<p>As c\u00e9lulas nervosas do c\u00e9rebro podem ser comparadas a mini-baterias como as dos autom\u00f3veis. Elas t\u00eam seu p\u00f3lo negativo e positivo e o que o Eletrencefalograma permite registrar \u00e9 a diferen\u00e7a de potencial el\u00e9trico em microvolts entre diferentes pontos do c\u00e9rebro.<\/p>\n<p>Na pr\u00e1tica, o exame \u00e9 realizado atrav\u00e9s da coloca\u00e7\u00e3o de eletrodos na superf\u00edcie da cabe\u00e7a do paciente que s\u00e3o conectados a um amplificador que aumenta a amplitude do sinal el\u00e9trico gerado pelo c\u00e9rebro milhares de vezes permitindo a an\u00e1lise gr\u00e1fica das oscila\u00e7\u00f5es desta atividade.<\/p>\n<p>Cada linha do tra\u00e7ado representa o registro da diferen\u00e7a de potencial entre dois pontos do enc\u00e9falo ao longo do tempo (eixo x: cada intervalo corresponde a 1 segundo; eixo y: potencial em microvolts). As diversas linhas do tra\u00e7ado nos d\u00e3o a informa\u00e7\u00e3o dos potencias el\u00e9tricos da maior parte da superf\u00edcie cerebral, formando um mapa topogr\u00e1fico.<\/p>\n<p>A coloca\u00e7\u00e3o dos eletrodos \u00e9 realizada pelo t\u00e9cnico em Eletrencefalografia. A an\u00e1lise do exame e a emiss\u00e3o do laudo \u00e9 realizada por m\u00e9dico neurologista com forma\u00e7\u00e3o em Neurofisiologia Cl\u00ednica. A interpreta\u00e7\u00e3o do exame consiste na avalia\u00e7\u00e3o qualitativa do perfil de distribui\u00e7\u00e3o das ondas cerebrais. Tanto no estado de vig\u00edlia quanto na sonol\u00eancia e sono, h\u00e1 uma distribui\u00e7\u00e3o normal dos ritmos cerebrais, e isto \u00e9 vari\u00e1vel de acordo com a idade. Em alguns transtornos neurol\u00f3gicos esta distribui\u00e7\u00e3o de ritmos encontra-se alterada, assim como \u00e9 poss\u00edvel a identifica\u00e7\u00e3o de ondas com padr\u00e3o morfol\u00f3gico patol\u00f3gico. Esse \u00e9 o caso das ondas agudas e esp\u00edculas encontradas no pacientes com o diagn\u00f3stico de epilepsia.<\/p>\n<p>Os aparelhos mais modernos permitem a transforma\u00e7\u00e3o deste sinal el\u00e9trico em informa\u00e7\u00e3o digital, o que tornou poss\u00edvel a incorpora\u00e7\u00e3o dos avan\u00e7os da inform\u00e1tica no EEG. Um dos avan\u00e7os nesse sentido foi o Mapeamento Cerebral (\u201cBrain Mapping\u201d) que permite a obten\u00e7\u00e3o de informa\u00e7\u00f5es quantitativas sobre a atividade el\u00e9trica cerebral de base, comparando varia\u00e7\u00f5es inter- e intra-hemisf\u00e9ricas e adicionar tabelas, gr\u00e1ficos e figuras ao registro do tra\u00e7ado, auxiliando a interpreta\u00e7\u00e3o dos dados obtidos. Essas ferramentas auxiliam o neurofisiologista a registra altera\u00e7\u00f5es que o olho humano n\u00e3o \u00e9 capaz de detectar, especialmente em situa\u00e7\u00f5es de anormalidades mais discretas, sendo muito \u00fateis no acompanhamento evolutivo de transtornos neurol\u00f3gicos que cursam com altera\u00e7\u00e3o da atividade de base do EEG.[\/vc_column_text][\/vc_column][\/vc_row]<\/p>\n","protected":false},"excerpt":{"rendered":"<p>[vc_row][vc_column][vc_single_image image=&#8221;1935&#8243; img_size=&#8221;full&#8221;][vc_column_text]O Eletrencefalograma (EEG) \u00e9 uma tecnologia capaz de extrair informa\u00e7\u00f5es do funcionamento cerebral de extrema import\u00e2ncia para a pr\u00e1tica cl\u00ednica. As c\u00e9lulas nervosas do c\u00e9rebro podem ser comparadas a mini-baterias como as dos autom\u00f3veis. Elas t\u00eam seu p\u00f3lo negativo e positivo e o que o Eletrencefalograma permite registrar \u00e9 a diferen\u00e7a de potencial [&hellip;]<\/p>\n","protected":false},"author":1,"featured_media":4974,"parent":1729,"menu_order":0,"comment_status":"closed","ping_status":"closed","template":"","meta":{"_joinchat":[]},"_links":{"self":[{"href":"https:\/\/icbneuro.com.br\/portal\/wp-json\/wp\/v2\/pages\/1734"}],"collection":[{"href":"https:\/\/icbneuro.com.br\/portal\/wp-json\/wp\/v2\/pages"}],"about":[{"href":"https:\/\/icbneuro.com.br\/portal\/wp-json\/wp\/v2\/types\/page"}],"author":[{"embeddable":true,"href":"https:\/\/icbneuro.com.br\/portal\/wp-json\/wp\/v2\/users\/1"}],"replies":[{"embeddable":true,"href":"https:\/\/icbneuro.com.br\/portal\/wp-json\/wp\/v2\/comments?post=1734"}],"version-history":[{"count":0,"href":"https:\/\/icbneuro.com.br\/portal\/wp-json\/wp\/v2\/pages\/1734\/revisions"}],"up":[{"embeddable":true,"href":"https:\/\/icbneuro.com.br\/portal\/wp-json\/wp\/v2\/pages\/1729"}],"wp:featuredmedia":[{"embeddable":true,"href":"https:\/\/icbneuro.com.br\/portal\/wp-json\/wp\/v2\/media\/4974"}],"wp:attachment":[{"href":"https:\/\/icbneuro.com.br\/portal\/wp-json\/wp\/v2\/media?parent=1734"}],"curies":[{"name":"wp","href":"https:\/\/api.w.org\/{rel}","templated":true}]}}