{"id":1739,"date":"2016-06-14T23:56:41","date_gmt":"2016-06-15T02:56:41","guid":{"rendered":"http:\/\/icbneuro.com.br\/?page_id=1739"},"modified":"2016-07-13T14:59:22","modified_gmt":"2016-07-13T17:59:22","slug":"cpt3","status":"publish","type":"page","link":"https:\/\/icbneuro.com.br\/portal\/exames\/cpt3\/","title":{"rendered":"CPT3"},"content":{"rendered":"<p>[vc_row][vc_column][vc_single_image image=&#8221;1939&#8243; img_size=&#8221;full&#8221;][vc_column_text]O teste atencional CPT 3 \u00e9 um teste que avalia altera\u00e7\u00f5es relacionadas a aten\u00e7\u00e3o em indiv\u00edduos com idade acima de 8 anos. \u00c9 um teste de performance cont\u00ednua que fornece informa\u00e7\u00f5es detalhadas sobre o tipo de d\u00e9ficit de aten\u00e7\u00e3o que paciente apresenta, avaliando 4 dimens\u00f5es espec\u00edficas (inaten\u00e7\u00e3o; impulsividade; aten\u00e7\u00e3o sustentada e vigil\u00e2ncia).<\/p>\n<p>\u00c9 uma ferramenta que fornece informa\u00e7\u00f5es objetivas que auxiliam no diagn\u00f3stico do Transtorno de D\u00e9ficit de Aten\u00e7\u00e3o e Hiperatividade (TDAH) e de transtornos neurol\u00f3gicos e psiqui\u00e1tricos que cursam com altera\u00e7\u00f5es de aten\u00e7\u00e3o.[\/vc_column_text][\/vc_column][\/vc_row]<\/p>\n","protected":false},"excerpt":{"rendered":"<p>[vc_row][vc_column][vc_single_image image=&#8221;1939&#8243; img_size=&#8221;full&#8221;][vc_column_text]O teste atencional CPT 3 \u00e9 um teste que avalia altera\u00e7\u00f5es relacionadas a aten\u00e7\u00e3o em indiv\u00edduos com idade acima de 8 anos. \u00c9 um teste de performance cont\u00ednua que fornece informa\u00e7\u00f5es detalhadas sobre o tipo de d\u00e9ficit de aten\u00e7\u00e3o que paciente apresenta, avaliando 4 dimens\u00f5es espec\u00edficas (inaten\u00e7\u00e3o; impulsividade; aten\u00e7\u00e3o sustentada e vigil\u00e2ncia). \u00c9 [&hellip;]<\/p>\n","protected":false},"author":1,"featured_media":4974,"parent":1729,"menu_order":0,"comment_status":"closed","ping_status":"closed","template":"","meta":{"_joinchat":[]},"_links":{"self":[{"href":"https:\/\/icbneuro.com.br\/portal\/wp-json\/wp\/v2\/pages\/1739"}],"collection":[{"href":"https:\/\/icbneuro.com.br\/portal\/wp-json\/wp\/v2\/pages"}],"about":[{"href":"https:\/\/icbneuro.com.br\/portal\/wp-json\/wp\/v2\/types\/page"}],"author":[{"embeddable":true,"href":"https:\/\/icbneuro.com.br\/portal\/wp-json\/wp\/v2\/users\/1"}],"replies":[{"embeddable":true,"href":"https:\/\/icbneuro.com.br\/portal\/wp-json\/wp\/v2\/comments?post=1739"}],"version-history":[{"count":0,"href":"https:\/\/icbneuro.com.br\/portal\/wp-json\/wp\/v2\/pages\/1739\/revisions"}],"up":[{"embeddable":true,"href":"https:\/\/icbneuro.com.br\/portal\/wp-json\/wp\/v2\/pages\/1729"}],"wp:featuredmedia":[{"embeddable":true,"href":"https:\/\/icbneuro.com.br\/portal\/wp-json\/wp\/v2\/media\/4974"}],"wp:attachment":[{"href":"https:\/\/icbneuro.com.br\/portal\/wp-json\/wp\/v2\/media?parent=1739"}],"curies":[{"name":"wp","href":"https:\/\/api.w.org\/{rel}","templated":true}]}}