{"id":1780,"date":"2016-06-17T21:27:37","date_gmt":"2016-06-18T00:27:37","guid":{"rendered":"http:\/\/icbneuro.com.br\/?page_id=1780"},"modified":"2023-06-01T19:44:49","modified_gmt":"2023-06-01T22:44:49","slug":"canal","status":"publish","type":"page","link":"https:\/\/icbneuro.com.br\/portal\/canal\/","title":{"rendered":"Canal"},"content":{"rendered":"<p>[vc_row][vc_column width=&#8221;1\/3&#8243;][vc_column_text]<section class=\"kwayy-servicebox kwayy-servicebox-lefticon  \"><div class=\"kwayy-servicebox-title-wrapper\"><i class=\"kwayy-icon kwicon-fa-list-alt icon-size-large icon-align-left kwayy-ibgcolor kwayy-ibgcolor-skincolor\"><\/i><h2 class=\"kwayy-servicebox-title\"><a class=\"kwayy-sb-title-link\" href=\"https:\/\/icbneuro.com.br\/portal\/canal\/consciencia-no-dia-a-dia\/\"\n   title=\"\" target=\"\">Consci\u00eancia no Dia a Dia<\/a><\/h2><div class=\"kwayy-servicebox-content\"><p>Na se\u00e7\u00e3o Consci\u00eancia no Dia a Dia do Canal ICB voc\u00ea encontrar\u00e1 artigos selecionados que podem lhe ajudar a entender melhor o seu c\u00e9rebro e a cuidar melhor dele.<\/p><div class=\"kwayy-sb-main-link\"><a href=\"https:\/\/icbneuro.com.br\/portal\/canal\/consciencia-no-dia-a-dia\/\" title=\"\" >Leia mais<\/a><\/div><\/div><\/div><\/section>[\/vc_column_text][\/vc_column][vc_column width=&#8221;1\/3&#8243;][vc_column_text]<section class=\"kwayy-servicebox kwayy-servicebox-lefticon  \"><div class=\"kwayy-servicebox-title-wrapper\"><i class=\"kwayy-icon kwicon-fa-microphone icon-size-large icon-align-left kwayy-ibgcolor kwayy-ibgcolor-skincolor\"><\/i><h2 class=\"kwayy-servicebox-title\"><a class=\"kwayy-sb-title-link\" href=\"https:\/\/icbneuro.com.br\/portal\/canal\/neuronios-em-dia\/\"\n   title=\"\" target=\"\">Neur\u00f4nios em dia<\/a><\/h2><div class=\"kwayy-servicebox-content\"><p>Na se\u00e7\u00e3o Neur\u00f4nios em dia, do Canal ICB, voc\u00ea tem acesso a um conte\u00fado diferenciado produzido pelo Dr. Ricardo Teixeira, diretor clinico do ICB.<\/p><div class=\"kwayy-sb-main-link\"><a href=\"https:\/\/icbneuro.com.br\/portal\/canal\/neuronios-em-dia\/\" title=\"\" >Ou\u00e7a o podcast<\/a><\/div><\/div><\/div><\/section>[\/vc_column_text][\/vc_column][vc_column width=&#8221;1\/3&#8243;][vc_column_text]<section class=\"kwayy-servicebox kwayy-servicebox-lefticon  \"><div class=\"kwayy-servicebox-title-wrapper\"><i class=\"kwayy-icon kwicon-fa-newspaper-o icon-size-large icon-align-left kwayy-ibgcolor kwayy-ibgcolor-skincolor\"><\/i><h2 class=\"kwayy-servicebox-title\"><a class=\"kwayy-sb-title-link\" href=\"https:\/\/icbneuro.com.br\/portal\/canal\/noticias\/\"\n   title=\"\" target=\"\">Not\u00edcias<\/a><\/h2><div class=\"kwayy-servicebox-content\"><p>O ICB traz at\u00e9 voc\u00ea as \u00faltimas e mais relevantes not\u00edcias cient\u00edficas em sa\u00fade e que podem realmente fazer a diferen\u00e7a no seu dia a dia.<\/p><div class=\"kwayy-sb-main-link\"><a href=\"https:\/\/icbneuro.com.br\/portal\/canal\/noticias\/\" title=\"\" >Leia mais<\/a><\/div><\/div><\/div><\/section>[\/vc_column_text][\/vc_column][\/vc_row]<\/p>\n","protected":false},"excerpt":{"rendered":"<p>[vc_row][vc_column width=&#8221;1\/3&#8243;][vc_column_text][\/vc_column_text][\/vc_column][vc_column width=&#8221;1\/3&#8243;][vc_column_text][\/vc_column_text][\/vc_column][vc_column width=&#8221;1\/3&#8243;][vc_column_text][\/vc_column_text][\/vc_column][\/vc_row]<\/p>\n","protected":false},"author":1,"featured_media":4974,"parent":0,"menu_order":0,"comment_status":"closed","ping_status":"closed","template":"","meta":{"_joinchat":[]},"_links":{"self":[{"href":"https:\/\/icbneuro.com.br\/portal\/wp-json\/wp\/v2\/pages\/1780"}],"collection":[{"href":"https:\/\/icbneuro.com.br\/portal\/wp-json\/wp\/v2\/pages"}],"about":[{"href":"https:\/\/icbneuro.com.br\/portal\/wp-json\/wp\/v2\/types\/page"}],"author":[{"embeddable":true,"href":"https:\/\/icbneuro.com.br\/portal\/wp-json\/wp\/v2\/users\/1"}],"replies":[{"embeddable":true,"href":"https:\/\/icbneuro.com.br\/portal\/wp-json\/wp\/v2\/comments?post=1780"}],"version-history":[{"count":20,"href":"https:\/\/icbneuro.com.br\/portal\/wp-json\/wp\/v2\/pages\/1780\/revisions"}],"predecessor-version":[{"id":4287,"href":"https:\/\/icbneuro.com.br\/portal\/wp-json\/wp\/v2\/pages\/1780\/revisions\/4287"}],"wp:featuredmedia":[{"embeddable":true,"href":"https:\/\/icbneuro.com.br\/portal\/wp-json\/wp\/v2\/media\/4974"}],"wp:attachment":[{"href":"https:\/\/icbneuro.com.br\/portal\/wp-json\/wp\/v2\/media?parent=1780"}],"curies":[{"name":"wp","href":"https:\/\/api.w.org\/{rel}","templated":true}]}}